{"id":7323,"date":"2026-04-03T21:10:08","date_gmt":"2026-04-03T19:10:08","guid":{"rendered":"https:\/\/france-empires.com\/?post_type=product&#038;p=7323"},"modified":"2026-04-03T21:10:08","modified_gmt":"2026-04-03T19:10:08","slug":"dolman-troupe-des-guides-de-la-garde-imperiale","status":"publish","type":"product","link":"https:\/\/france-empires.com\/index.php\/produit\/dolman-troupe-des-guides-de-la-garde-imperiale\/","title":{"rendered":"Dolman troupe des Guides de la Garde Imp\u00e9riale"},"content":{"rendered":"<p>Tr\u00e8s beau dolman mod\u00e8le 1860, bien marqu\u00e9 et dat\u00e9<br \/>\nQuelques boutons manquants.<\/p>\n","protected":false},"excerpt":{"rendered":"<p>Tr\u00e8s beau dolman mod\u00e8le 1860, bien marqu\u00e9 et dat\u00e9 Quelques boutons manquants.<\/p>\n","protected":false},"featured_media":7325,"template":"","meta":[],"product_brand":[],"product_cat":[145,47,24],"product_tag":[],"class_list":{"0":"post-7323","1":"product","2":"type-product","3":"status-publish","4":"has-post-thumbnail","6":"product_cat-nouveautes","7":"product_cat-uniformes-complets-et-elements-seuls","8":"product_cat-uniformes-et-coiffures","9":"pa_statut-vendu","11":"first","12":"outofstock","13":"product-type-simple"},"_links":{"self":[{"href":"https:\/\/france-empires.com\/index.php\/wp-json\/wp\/v2\/product\/7323","targetHints":{"allow":["GET"]}}],"collection":[{"href":"https:\/\/france-empires.com\/index.php\/wp-json\/wp\/v2\/product"}],"about":[{"href":"https:\/\/france-empires.com\/index.php\/wp-json\/wp\/v2\/types\/product"}],"wp:featuredmedia":[{"embeddable":true,"href":"https:\/\/france-empires.com\/index.php\/wp-json\/wp\/v2\/media\/7325"}],"wp:attachment":[{"href":"https:\/\/france-empires.com\/index.php\/wp-json\/wp\/v2\/media?parent=7323"}],"wp:term":[{"taxonomy":"product_brand","embeddable":true,"href":"https:\/\/france-empires.com\/index.php\/wp-json\/wp\/v2\/product_brand?post=7323"},{"taxonomy":"product_cat","embeddable":true,"href":"https:\/\/france-empires.com\/index.php\/wp-json\/wp\/v2\/product_cat?post=7323"},{"taxonomy":"product_tag","embeddable":true,"href":"https:\/\/france-empires.com\/index.php\/wp-json\/wp\/v2\/product_tag?post=7323"}],"curies":[{"name":"wp","href":"https:\/\/api.w.org\/{rel}","templated":true}]}}