{"id":7344,"date":"2026-04-03T23:34:34","date_gmt":"2026-04-03T21:34:34","guid":{"rendered":"https:\/\/france-empires.com\/?post_type=product&#038;p=7344"},"modified":"2026-04-03T23:36:48","modified_gmt":"2026-04-03T21:36:48","slug":"jingasa-en-bois-laque","status":"publish","type":"product","link":"https:\/\/france-empires.com\/index.php\/produit\/jingasa-en-bois-laque\/","title":{"rendered":"Jingasa en bois laqu\u00e9"},"content":{"rendered":"<p>Jingasa de forme l\u00e9g\u00e8rement conique, en laque brun fonc\u00e9, rehauss\u00e9e de trois Mons en laque rouge. Japon, XIX\u00e8me si\u00e8cle. (petites lacunes de laque)<\/p>\n","protected":false},"excerpt":{"rendered":"<p>Jingasa de forme l\u00e9g\u00e8rement conique, en laque brun fonc\u00e9, rehauss\u00e9e de trois Mons en laque rouge. Japon, XIX\u00e8me si\u00e8cle. (petites lacunes de laque)<\/p>\n","protected":false},"featured_media":7348,"template":"","meta":[],"product_brand":[],"product_cat":[28,45,145,24],"product_tag":[],"class_list":{"0":"post-7344","1":"product","2":"type-product","3":"status-publish","4":"has-post-thumbnail","6":"product_cat-antiquites-et-autres-collections","7":"product_cat-coiffures-casques-kepis-shakos-etc","8":"product_cat-nouveautes","9":"product_cat-uniformes-et-coiffures","11":"first","12":"instock","13":"purchasable","14":"product-type-simple"},"_links":{"self":[{"href":"https:\/\/france-empires.com\/index.php\/wp-json\/wp\/v2\/product\/7344","targetHints":{"allow":["GET"]}}],"collection":[{"href":"https:\/\/france-empires.com\/index.php\/wp-json\/wp\/v2\/product"}],"about":[{"href":"https:\/\/france-empires.com\/index.php\/wp-json\/wp\/v2\/types\/product"}],"wp:featuredmedia":[{"embeddable":true,"href":"https:\/\/france-empires.com\/index.php\/wp-json\/wp\/v2\/media\/7348"}],"wp:attachment":[{"href":"https:\/\/france-empires.com\/index.php\/wp-json\/wp\/v2\/media?parent=7344"}],"wp:term":[{"taxonomy":"product_brand","embeddable":true,"href":"https:\/\/france-empires.com\/index.php\/wp-json\/wp\/v2\/product_brand?post=7344"},{"taxonomy":"product_cat","embeddable":true,"href":"https:\/\/france-empires.com\/index.php\/wp-json\/wp\/v2\/product_cat?post=7344"},{"taxonomy":"product_tag","embeddable":true,"href":"https:\/\/france-empires.com\/index.php\/wp-json\/wp\/v2\/product_tag?post=7344"}],"curies":[{"name":"wp","href":"https:\/\/api.w.org\/{rel}","templated":true}]}}