{"id":7349,"date":"2026-04-03T23:42:11","date_gmt":"2026-04-03T21:42:11","guid":{"rendered":"https:\/\/france-empires.com\/?post_type=product&#038;p=7349"},"modified":"2026-04-03T23:42:12","modified_gmt":"2026-04-03T21:42:12","slug":"poche-a-cartouches","status":"publish","type":"product","link":"https:\/\/france-empires.com\/index.php\/produit\/poche-a-cartouches\/","title":{"rendered":"Poche \u00e0 cartouches"},"content":{"rendered":"<p>Peu courante poche \u00e0 cartouches mod\u00e8le 1869<br \/>\nEn cuir brun<br \/>\nVieille \u00e9tiquette de provenance<\/p>\n","protected":false},"excerpt":{"rendered":"<p>Peu courante poche \u00e0 cartouches mod\u00e8le 1869 En cuir brun Vieille \u00e9tiquette de provenance<\/p>\n","protected":false},"featured_media":7352,"template":"","meta":[],"product_brand":[],"product_cat":[25,51,145],"product_tag":[],"class_list":{"0":"post-7349","1":"product","2":"type-product","3":"status-publish","4":"has-post-thumbnail","6":"product_cat-equipements","7":"product_cat-equipements-du-soldat-pour-le-combat-ceinturons-cartouchieres-sac-a-dos-etc","8":"product_cat-nouveautes","10":"first","11":"instock","12":"purchasable","13":"product-type-simple"},"_links":{"self":[{"href":"https:\/\/france-empires.com\/index.php\/wp-json\/wp\/v2\/product\/7349","targetHints":{"allow":["GET"]}}],"collection":[{"href":"https:\/\/france-empires.com\/index.php\/wp-json\/wp\/v2\/product"}],"about":[{"href":"https:\/\/france-empires.com\/index.php\/wp-json\/wp\/v2\/types\/product"}],"wp:featuredmedia":[{"embeddable":true,"href":"https:\/\/france-empires.com\/index.php\/wp-json\/wp\/v2\/media\/7352"}],"wp:attachment":[{"href":"https:\/\/france-empires.com\/index.php\/wp-json\/wp\/v2\/media?parent=7349"}],"wp:term":[{"taxonomy":"product_brand","embeddable":true,"href":"https:\/\/france-empires.com\/index.php\/wp-json\/wp\/v2\/product_brand?post=7349"},{"taxonomy":"product_cat","embeddable":true,"href":"https:\/\/france-empires.com\/index.php\/wp-json\/wp\/v2\/product_cat?post=7349"},{"taxonomy":"product_tag","embeddable":true,"href":"https:\/\/france-empires.com\/index.php\/wp-json\/wp\/v2\/product_tag?post=7349"}],"curies":[{"name":"wp","href":"https:\/\/api.w.org\/{rel}","templated":true}]}}