{"id":7374,"date":"2026-04-04T00:12:16","date_gmt":"2026-04-03T22:12:16","guid":{"rendered":"https:\/\/france-empires.com\/?post_type=product&#038;p=7374"},"modified":"2026-04-04T00:12:16","modified_gmt":"2026-04-03T22:12:16","slug":"gilet-de-cuirasse-dofficier","status":"publish","type":"product","link":"https:\/\/france-empires.com\/index.php\/produit\/gilet-de-cuirasse-dofficier\/","title":{"rendered":"Gilet de cuirasse d&rsquo;officier"},"content":{"rendered":"<p>Peu courant et authentique gilet de cuirasse d&rsquo;officier, pour cuirasse 1855, \u00e9poque fin 19\u00e8me \/ d\u00e9but 20\u00e8me;<br \/>\nEn toile rouge doubl\u00e9e de toile \u00e9crue et renforc\u00e9 de drap garance au cou, aux \u00e9paules et \u00e0 la taille.<br \/>\nBoutons en os et laiton.<br \/>\nPort\u00e9 mais tr\u00e8s bon \u00e9tat.<\/p>\n","protected":false},"excerpt":{"rendered":"<p>Peu courant et authentique gilet de cuirasse d&rsquo;officier, pour cuirasse 1855, \u00e9poque fin 19\u00e8me \/ d\u00e9but 20\u00e8me; En toile rouge doubl\u00e9e de toile \u00e9crue et renforc\u00e9 de drap garance au cou, aux \u00e9paules et \u00e0 la taille. Boutons en os et laiton. Port\u00e9 mais tr\u00e8s bon \u00e9tat.<\/p>\n","protected":false},"featured_media":7378,"template":"","meta":[],"product_brand":[],"product_cat":[53,25,145,47,24],"product_tag":[],"class_list":{"0":"post-7374","1":"product","2":"type-product","3":"status-publish","4":"has-post-thumbnail","6":"product_cat-autres-equipements-individuels-et-collectifs","7":"product_cat-equipements","8":"product_cat-nouveautes","9":"product_cat-uniformes-complets-et-elements-seuls","10":"product_cat-uniformes-et-coiffures","12":"first","13":"instock","14":"purchasable","15":"product-type-simple"},"_links":{"self":[{"href":"https:\/\/france-empires.com\/index.php\/wp-json\/wp\/v2\/product\/7374","targetHints":{"allow":["GET"]}}],"collection":[{"href":"https:\/\/france-empires.com\/index.php\/wp-json\/wp\/v2\/product"}],"about":[{"href":"https:\/\/france-empires.com\/index.php\/wp-json\/wp\/v2\/types\/product"}],"wp:featuredmedia":[{"embeddable":true,"href":"https:\/\/france-empires.com\/index.php\/wp-json\/wp\/v2\/media\/7378"}],"wp:attachment":[{"href":"https:\/\/france-empires.com\/index.php\/wp-json\/wp\/v2\/media?parent=7374"}],"wp:term":[{"taxonomy":"product_brand","embeddable":true,"href":"https:\/\/france-empires.com\/index.php\/wp-json\/wp\/v2\/product_brand?post=7374"},{"taxonomy":"product_cat","embeddable":true,"href":"https:\/\/france-empires.com\/index.php\/wp-json\/wp\/v2\/product_cat?post=7374"},{"taxonomy":"product_tag","embeddable":true,"href":"https:\/\/france-empires.com\/index.php\/wp-json\/wp\/v2\/product_tag?post=7374"}],"curies":[{"name":"wp","href":"https:\/\/api.w.org\/{rel}","templated":true}]}}