{"id":7383,"date":"2026-04-04T00:17:41","date_gmt":"2026-04-03T22:17:41","guid":{"rendered":"https:\/\/france-empires.com\/?post_type=product&#038;p=7383"},"modified":"2026-04-04T00:17:41","modified_gmt":"2026-04-03T22:17:41","slug":"biscaiens-montes-en-presse-papier","status":"publish","type":"product","link":"https:\/\/france-empires.com\/index.php\/produit\/biscaiens-montes-en-presse-papier\/","title":{"rendered":"Bisca\u00efens mont\u00e9s en presse-papier"},"content":{"rendered":"<p>Bisca\u00efens mont\u00e9s en presse papier.<br \/>\nSurement un souvenir de l&rsquo;ann\u00e9e terrible ! 1870-71<\/p>\n","protected":false},"excerpt":{"rendered":"<p>Bisca\u00efens mont\u00e9s en presse papier. Surement un souvenir de l&rsquo;ann\u00e9e terrible ! 1870-71<\/p>\n","protected":false},"featured_media":7384,"template":"","meta":[],"product_brand":[],"product_cat":[83,28,145],"product_tag":[],"class_list":{"0":"post-7383","1":"product","2":"type-product","3":"status-publish","4":"has-post-thumbnail","6":"product_cat-accessoires-darmes","7":"product_cat-antiquites-et-autres-collections","8":"product_cat-nouveautes","10":"first","11":"instock","12":"purchasable","13":"product-type-simple"},"_links":{"self":[{"href":"https:\/\/france-empires.com\/index.php\/wp-json\/wp\/v2\/product\/7383","targetHints":{"allow":["GET"]}}],"collection":[{"href":"https:\/\/france-empires.com\/index.php\/wp-json\/wp\/v2\/product"}],"about":[{"href":"https:\/\/france-empires.com\/index.php\/wp-json\/wp\/v2\/types\/product"}],"wp:featuredmedia":[{"embeddable":true,"href":"https:\/\/france-empires.com\/index.php\/wp-json\/wp\/v2\/media\/7384"}],"wp:attachment":[{"href":"https:\/\/france-empires.com\/index.php\/wp-json\/wp\/v2\/media?parent=7383"}],"wp:term":[{"taxonomy":"product_brand","embeddable":true,"href":"https:\/\/france-empires.com\/index.php\/wp-json\/wp\/v2\/product_brand?post=7383"},{"taxonomy":"product_cat","embeddable":true,"href":"https:\/\/france-empires.com\/index.php\/wp-json\/wp\/v2\/product_cat?post=7383"},{"taxonomy":"product_tag","embeddable":true,"href":"https:\/\/france-empires.com\/index.php\/wp-json\/wp\/v2\/product_tag?post=7383"}],"curies":[{"name":"wp","href":"https:\/\/api.w.org\/{rel}","templated":true}]}}