{"id":7387,"date":"2026-04-04T00:21:57","date_gmt":"2026-04-03T22:21:57","guid":{"rendered":"https:\/\/france-empires.com\/?post_type=product&#038;p=7387"},"modified":"2026-04-04T00:23:24","modified_gmt":"2026-04-03T22:23:24","slug":"fer-a-graver-emporte-piece-a-laigle","status":"publish","type":"product","link":"https:\/\/france-empires.com\/index.php\/produit\/fer-a-graver-emporte-piece-a-laigle\/","title":{"rendered":"Fer \u00e0 graver \/ emporte-pi\u00e8ce \u00e0 l&rsquo;Aigle"},"content":{"rendered":"<p>Bel objet en fonte de fer, ayant bien servi !<br \/>\nPour marquages \u00e0 l&rsquo;aigle imp\u00e9riale<br \/>\nNous pensons que cet objet date du Premier Empire, plut\u00f4t que du Second (forme de l&rsquo;Aigle)<\/p>\n","protected":false},"excerpt":{"rendered":"<p>Bel objet en fonte de fer, ayant bien servi ! Pour marquages \u00e0 l&rsquo;aigle imp\u00e9riale Nous pensons que cet objet date du Premier Empire, plut\u00f4t que du Second (forme de l&rsquo;Aigle)<\/p>\n","protected":false},"featured_media":7390,"template":"","meta":[],"product_brand":[],"product_cat":[28,53,25,145],"product_tag":[],"class_list":{"0":"post-7387","1":"product","2":"type-product","3":"status-publish","4":"has-post-thumbnail","6":"product_cat-antiquites-et-autres-collections","7":"product_cat-autres-equipements-individuels-et-collectifs","8":"product_cat-equipements","9":"product_cat-nouveautes","11":"first","12":"instock","13":"purchasable","14":"product-type-simple"},"_links":{"self":[{"href":"https:\/\/france-empires.com\/index.php\/wp-json\/wp\/v2\/product\/7387","targetHints":{"allow":["GET"]}}],"collection":[{"href":"https:\/\/france-empires.com\/index.php\/wp-json\/wp\/v2\/product"}],"about":[{"href":"https:\/\/france-empires.com\/index.php\/wp-json\/wp\/v2\/types\/product"}],"wp:featuredmedia":[{"embeddable":true,"href":"https:\/\/france-empires.com\/index.php\/wp-json\/wp\/v2\/media\/7390"}],"wp:attachment":[{"href":"https:\/\/france-empires.com\/index.php\/wp-json\/wp\/v2\/media?parent=7387"}],"wp:term":[{"taxonomy":"product_brand","embeddable":true,"href":"https:\/\/france-empires.com\/index.php\/wp-json\/wp\/v2\/product_brand?post=7387"},{"taxonomy":"product_cat","embeddable":true,"href":"https:\/\/france-empires.com\/index.php\/wp-json\/wp\/v2\/product_cat?post=7387"},{"taxonomy":"product_tag","embeddable":true,"href":"https:\/\/france-empires.com\/index.php\/wp-json\/wp\/v2\/product_tag?post=7387"}],"curies":[{"name":"wp","href":"https:\/\/api.w.org\/{rel}","templated":true}]}}