{"id":7392,"date":"2026-04-04T00:28:14","date_gmt":"2026-04-03T22:28:14","guid":{"rendered":"https:\/\/france-empires.com\/?post_type=product&#038;p=7392"},"modified":"2026-04-04T00:28:14","modified_gmt":"2026-04-03T22:28:14","slug":"art-poilu","status":"publish","type":"product","link":"https:\/\/france-empires.com\/index.php\/produit\/art-poilu\/","title":{"rendered":"Art poilu"},"content":{"rendered":"<p>Composition \u00e0 partir de boutons, insignes etc;<br \/>\nSpectaculaire !<br \/>\nLes deux \u00e9toiles sur les cot\u00e9s sont \u00e0 refixer<\/p>\n","protected":false},"excerpt":{"rendered":"<p>Composition \u00e0 partir de boutons, insignes etc; Spectaculaire ! Les deux \u00e9toiles sur les cot\u00e9s sont \u00e0 refixer<\/p>\n","protected":false},"featured_media":7395,"template":"","meta":[],"product_brand":[],"product_cat":[28,53,25,17,145],"product_tag":[],"class_list":{"0":"post-7392","1":"product","2":"type-product","3":"status-publish","4":"has-post-thumbnail","6":"product_cat-antiquites-et-autres-collections","7":"product_cat-autres-equipements-individuels-et-collectifs","8":"product_cat-equipements","9":"product_cat-non-classe","10":"product_cat-nouveautes","12":"first","13":"instock","14":"purchasable","15":"product-type-simple"},"_links":{"self":[{"href":"https:\/\/france-empires.com\/index.php\/wp-json\/wp\/v2\/product\/7392","targetHints":{"allow":["GET"]}}],"collection":[{"href":"https:\/\/france-empires.com\/index.php\/wp-json\/wp\/v2\/product"}],"about":[{"href":"https:\/\/france-empires.com\/index.php\/wp-json\/wp\/v2\/types\/product"}],"wp:featuredmedia":[{"embeddable":true,"href":"https:\/\/france-empires.com\/index.php\/wp-json\/wp\/v2\/media\/7395"}],"wp:attachment":[{"href":"https:\/\/france-empires.com\/index.php\/wp-json\/wp\/v2\/media?parent=7392"}],"wp:term":[{"taxonomy":"product_brand","embeddable":true,"href":"https:\/\/france-empires.com\/index.php\/wp-json\/wp\/v2\/product_brand?post=7392"},{"taxonomy":"product_cat","embeddable":true,"href":"https:\/\/france-empires.com\/index.php\/wp-json\/wp\/v2\/product_cat?post=7392"},{"taxonomy":"product_tag","embeddable":true,"href":"https:\/\/france-empires.com\/index.php\/wp-json\/wp\/v2\/product_tag?post=7392"}],"curies":[{"name":"wp","href":"https:\/\/api.w.org\/{rel}","templated":true}]}}