{"id":7403,"date":"2026-04-07T21:14:40","date_gmt":"2026-04-07T19:14:40","guid":{"rendered":"https:\/\/france-empires.com\/?post_type=product&#038;p=7403"},"modified":"2026-04-07T21:14:40","modified_gmt":"2026-04-07T19:14:40","slug":"shako-troupe-secretaire-detat-major","status":"publish","type":"product","link":"https:\/\/france-empires.com\/index.php\/produit\/shako-troupe-secretaire-detat-major\/","title":{"rendered":"Shako troupe secr\u00e9taire d&rsquo;Etat-Major"},"content":{"rendered":"<p>Peut-\u00eatre le plus rare des shakos de la s\u00e9rie 1872\/74 !<\/p>\n<p>Shako de secr\u00e9taire d\u2019\u00e9tat major. F\u00fbt en carton recouvert de drap bleu tr\u00e8s fonc\u00e9. A\u00e9rateurs laitons peints. Bourdalou en cuir verni noir. Calotte en fort cuir noirci dont le pourtour est galonn\u00e9 blanc et cordonnet blanc. Attribut laiton au b\u00e2ton de foudre ail\u00e9 surmont\u00e9 d\u2019une cocarde m\u00e9tallique tricolore. Ganse de tresse blanche avec bouton laiton lisse, pompon de laine tricolore. Bandeau de sudation en basane. Usure d\u2019usage, patine<\/p>\n","protected":false},"excerpt":{"rendered":"<p>Peut-\u00eatre le plus rare des shakos de la s\u00e9rie 1872\/74 ! Shako de secr\u00e9taire d\u2019\u00e9tat major. F\u00fbt en carton recouvert de drap bleu tr\u00e8s fonc\u00e9. A\u00e9rateurs laitons peints. Bourdalou en cuir verni noir. Calotte en fort cuir noirci dont le pourtour est galonn\u00e9 blanc et cordonnet blanc. Attribut laiton au b\u00e2ton&hellip;<\/p>\n","protected":false},"featured_media":7412,"template":"","meta":[],"product_brand":[],"product_cat":[45,145,24],"product_tag":[],"class_list":{"0":"post-7403","1":"product","2":"type-product","3":"status-publish","4":"has-post-thumbnail","6":"product_cat-coiffures-casques-kepis-shakos-etc","7":"product_cat-nouveautes","8":"product_cat-uniformes-et-coiffures","10":"first","11":"instock","12":"purchasable","13":"product-type-simple"},"_links":{"self":[{"href":"https:\/\/france-empires.com\/index.php\/wp-json\/wp\/v2\/product\/7403","targetHints":{"allow":["GET"]}}],"collection":[{"href":"https:\/\/france-empires.com\/index.php\/wp-json\/wp\/v2\/product"}],"about":[{"href":"https:\/\/france-empires.com\/index.php\/wp-json\/wp\/v2\/types\/product"}],"wp:featuredmedia":[{"embeddable":true,"href":"https:\/\/france-empires.com\/index.php\/wp-json\/wp\/v2\/media\/7412"}],"wp:attachment":[{"href":"https:\/\/france-empires.com\/index.php\/wp-json\/wp\/v2\/media?parent=7403"}],"wp:term":[{"taxonomy":"product_brand","embeddable":true,"href":"https:\/\/france-empires.com\/index.php\/wp-json\/wp\/v2\/product_brand?post=7403"},{"taxonomy":"product_cat","embeddable":true,"href":"https:\/\/france-empires.com\/index.php\/wp-json\/wp\/v2\/product_cat?post=7403"},{"taxonomy":"product_tag","embeddable":true,"href":"https:\/\/france-empires.com\/index.php\/wp-json\/wp\/v2\/product_tag?post=7403"}],"curies":[{"name":"wp","href":"https:\/\/api.w.org\/{rel}","templated":true}]}}