{"id":7422,"date":"2026-04-07T21:25:57","date_gmt":"2026-04-07T19:25:57","guid":{"rendered":"https:\/\/france-empires.com\/?post_type=product&#038;p=7422"},"modified":"2026-04-07T21:25:57","modified_gmt":"2026-04-07T19:25:57","slug":"shako-modele-1884-dofficier-de-lecole-de-cavalerie","status":"publish","type":"product","link":"https:\/\/france-empires.com\/index.php\/produit\/shako-modele-1884-dofficier-de-lecole-de-cavalerie\/","title":{"rendered":"Shako mod\u00e8le 1884 d&rsquo;officier de l&rsquo;Ecole de Cavalerie"},"content":{"rendered":"<p>Tr\u00e8s rare shako, il y en a surement d&rsquo;autres mais c&rsquo;est le seul que je connaisse&#8230;<\/p>\n<p>Shako d&rsquo;officier de l&rsquo;Ecole de Cavalerie. F\u00fbt en carton recouvert de drap bleu clair. A\u00e9rateurs laiton peints. Bourdalou en cuir verni noir. Calotte en fort cuir noirci dont le pourtour est galonn\u00e9 argent avec en V sur les cot\u00e9s. Attribut laiton \u00e0 la grenade surmont\u00e9 d\u2019une cocarde m\u00e9tallique tricolore. Ganse de tresse m\u00e9tal argent\u00e9 avec bouton laiton lisse, pompon officier argent. Bandeau de sudation en basane, coiffe en soie rose marqu\u00e9e au fer du fabricant Rouart et initiales. Jugulaire int\u00e9rieure. Usure d\u2019usage, patine<\/p>\n","protected":false},"excerpt":{"rendered":"<p>Tr\u00e8s rare shako, il y en a surement d&rsquo;autres mais c&rsquo;est le seul que je connaisse&#8230; Shako d&rsquo;officier de l&rsquo;Ecole de Cavalerie. F\u00fbt en carton recouvert de drap bleu clair. A\u00e9rateurs laiton peints. Bourdalou en cuir verni noir. Calotte en fort cuir noirci dont le pourtour est galonn\u00e9 argent avec en&hellip;<\/p>\n","protected":false},"featured_media":7418,"template":"","meta":[],"product_brand":[],"product_cat":[45,145,24],"product_tag":[],"class_list":{"0":"post-7422","1":"product","2":"type-product","3":"status-publish","4":"has-post-thumbnail","6":"product_cat-coiffures-casques-kepis-shakos-etc","7":"product_cat-nouveautes","8":"product_cat-uniformes-et-coiffures","10":"first","11":"instock","12":"purchasable","13":"product-type-simple"},"_links":{"self":[{"href":"https:\/\/france-empires.com\/index.php\/wp-json\/wp\/v2\/product\/7422","targetHints":{"allow":["GET"]}}],"collection":[{"href":"https:\/\/france-empires.com\/index.php\/wp-json\/wp\/v2\/product"}],"about":[{"href":"https:\/\/france-empires.com\/index.php\/wp-json\/wp\/v2\/types\/product"}],"wp:featuredmedia":[{"embeddable":true,"href":"https:\/\/france-empires.com\/index.php\/wp-json\/wp\/v2\/media\/7418"}],"wp:attachment":[{"href":"https:\/\/france-empires.com\/index.php\/wp-json\/wp\/v2\/media?parent=7422"}],"wp:term":[{"taxonomy":"product_brand","embeddable":true,"href":"https:\/\/france-empires.com\/index.php\/wp-json\/wp\/v2\/product_brand?post=7422"},{"taxonomy":"product_cat","embeddable":true,"href":"https:\/\/france-empires.com\/index.php\/wp-json\/wp\/v2\/product_cat?post=7422"},{"taxonomy":"product_tag","embeddable":true,"href":"https:\/\/france-empires.com\/index.php\/wp-json\/wp\/v2\/product_tag?post=7422"}],"curies":[{"name":"wp","href":"https:\/\/api.w.org\/{rel}","templated":true}]}}