{"id":7423,"date":"2026-04-07T21:30:34","date_gmt":"2026-04-07T19:30:34","guid":{"rendered":"https:\/\/france-empires.com\/?post_type=product&#038;p=7423"},"modified":"2026-04-07T21:30:35","modified_gmt":"2026-04-07T19:30:35","slug":"shako-dofficier-du-genie-modele-1872","status":"publish","type":"product","link":"https:\/\/france-empires.com\/index.php\/produit\/shako-dofficier-du-genie-modele-1872\/","title":{"rendered":"Shako d&rsquo;officier du G\u00e9nie mod\u00e8le 1872"},"content":{"rendered":"<p>Shako d\u2019officier du G\u00e9nie. F\u00fbt en carton recouvert de drap bleu fonc\u00e9 presque noir. A\u00e9rateurs laiton peints. Bourdalou en cuir verni noir. Calotte en fort cuir noirci dont le pourtour est galonn\u00e9 or avec en V sur les cot\u00e9s. Attribut laiton \u00e0 la cuirasse surmont\u00e9 d\u2019une cocarde m\u00e9tallique tricolore. Pompon officier dor\u00e9. Bandeau de sudation en basane, coiffe en soie blanche. Usure d\u2019usage, patine<\/p>\n","protected":false},"excerpt":{"rendered":"<p>Shako d\u2019officier du G\u00e9nie. F\u00fbt en carton recouvert de drap bleu fonc\u00e9 presque noir. A\u00e9rateurs laiton peints. Bourdalou en cuir verni noir. Calotte en fort cuir noirci dont le pourtour est galonn\u00e9 or avec en V sur les cot\u00e9s. Attribut laiton \u00e0 la cuirasse surmont\u00e9 d\u2019une cocarde m\u00e9tallique tricolore. Pompon officier&hellip;<\/p>\n","protected":false},"featured_media":7407,"template":"","meta":[],"product_brand":[],"product_cat":[45,145,24],"product_tag":[],"class_list":{"0":"post-7423","1":"product","2":"type-product","3":"status-publish","4":"has-post-thumbnail","6":"product_cat-coiffures-casques-kepis-shakos-etc","7":"product_cat-nouveautes","8":"product_cat-uniformes-et-coiffures","10":"first","11":"instock","12":"purchasable","13":"product-type-simple"},"_links":{"self":[{"href":"https:\/\/france-empires.com\/index.php\/wp-json\/wp\/v2\/product\/7423","targetHints":{"allow":["GET"]}}],"collection":[{"href":"https:\/\/france-empires.com\/index.php\/wp-json\/wp\/v2\/product"}],"about":[{"href":"https:\/\/france-empires.com\/index.php\/wp-json\/wp\/v2\/types\/product"}],"wp:featuredmedia":[{"embeddable":true,"href":"https:\/\/france-empires.com\/index.php\/wp-json\/wp\/v2\/media\/7407"}],"wp:attachment":[{"href":"https:\/\/france-empires.com\/index.php\/wp-json\/wp\/v2\/media?parent=7423"}],"wp:term":[{"taxonomy":"product_brand","embeddable":true,"href":"https:\/\/france-empires.com\/index.php\/wp-json\/wp\/v2\/product_brand?post=7423"},{"taxonomy":"product_cat","embeddable":true,"href":"https:\/\/france-empires.com\/index.php\/wp-json\/wp\/v2\/product_cat?post=7423"},{"taxonomy":"product_tag","embeddable":true,"href":"https:\/\/france-empires.com\/index.php\/wp-json\/wp\/v2\/product_tag?post=7423"}],"curies":[{"name":"wp","href":"https:\/\/api.w.org\/{rel}","templated":true}]}}