{"id":7424,"date":"2026-04-07T21:45:38","date_gmt":"2026-04-07T19:45:38","guid":{"rendered":"https:\/\/france-empires.com\/?post_type=product&#038;p=7424"},"modified":"2026-04-07T21:47:07","modified_gmt":"2026-04-07T19:47:07","slug":"gravure-dedicacee-zouaves-piemontais","status":"publish","type":"product","link":"https:\/\/france-empires.com\/index.php\/produit\/gravure-dedicacee-zouaves-piemontais\/","title":{"rendered":"Gravure d\u00e9dicac\u00e9e zouaves Crim\u00e9e"},"content":{"rendered":"<p>Gravure encadr\u00e9e figurant des zouaves. La plupart semblent d\u00e9cor\u00e9s de la m\u00e9daille de Crim\u00e9e.<br \/>\nLa gravure est sign\u00e9e en bas.<\/p>\n<p>Mouillures mais reste pr\u00e9sentable.<\/p>\n","protected":false},"excerpt":{"rendered":"<p>Gravure encadr\u00e9e figurant des zouaves. La plupart semblent d\u00e9cor\u00e9s de la m\u00e9daille de Crim\u00e9e. La gravure est sign\u00e9e en bas. Mouillures mais reste pr\u00e9sentable.<\/p>\n","protected":false},"featured_media":7425,"template":"","meta":[],"product_brand":[],"product_cat":[26,145],"product_tag":[],"class_list":{"0":"post-7424","1":"product","2":"type-product","3":"status-publish","4":"has-post-thumbnail","6":"product_cat-librairie-documents-et-photos","7":"product_cat-nouveautes","9":"first","10":"instock","11":"purchasable","12":"product-type-simple"},"_links":{"self":[{"href":"https:\/\/france-empires.com\/index.php\/wp-json\/wp\/v2\/product\/7424","targetHints":{"allow":["GET"]}}],"collection":[{"href":"https:\/\/france-empires.com\/index.php\/wp-json\/wp\/v2\/product"}],"about":[{"href":"https:\/\/france-empires.com\/index.php\/wp-json\/wp\/v2\/types\/product"}],"wp:featuredmedia":[{"embeddable":true,"href":"https:\/\/france-empires.com\/index.php\/wp-json\/wp\/v2\/media\/7425"}],"wp:attachment":[{"href":"https:\/\/france-empires.com\/index.php\/wp-json\/wp\/v2\/media?parent=7424"}],"wp:term":[{"taxonomy":"product_brand","embeddable":true,"href":"https:\/\/france-empires.com\/index.php\/wp-json\/wp\/v2\/product_brand?post=7424"},{"taxonomy":"product_cat","embeddable":true,"href":"https:\/\/france-empires.com\/index.php\/wp-json\/wp\/v2\/product_cat?post=7424"},{"taxonomy":"product_tag","embeddable":true,"href":"https:\/\/france-empires.com\/index.php\/wp-json\/wp\/v2\/product_tag?post=7424"}],"curies":[{"name":"wp","href":"https:\/\/api.w.org\/{rel}","templated":true}]}}