{"id":7432,"date":"2026-04-07T21:51:38","date_gmt":"2026-04-07T19:51:38","guid":{"rendered":"https:\/\/france-empires.com\/?post_type=product&#038;p=7432"},"modified":"2026-04-07T21:51:38","modified_gmt":"2026-04-07T19:51:38","slug":"officier-de-chasseur-a-cheval-vers-1840-50-algerie","status":"publish","type":"product","link":"https:\/\/france-empires.com\/index.php\/produit\/officier-de-chasseur-a-cheval-vers-1840-50-algerie\/","title":{"rendered":"Officier de chasseur \u00e0 cheval vers 1840\/50 Alg\u00e9rie"},"content":{"rendered":"<p>Tableau repr\u00e9sentant un officier de chasseur \u00e0 cheval mont\u00e9<br \/>\nLe d\u00e9cor, la coiffure et l&rsquo;attitude g\u00e9n\u00e9rale nous sugg\u00e8rent la cavalerie d&rsquo;Afrique vers 1840\/50.<\/p>\n<p>A nettoyer.<\/p>\n","protected":false},"excerpt":{"rendered":"<p>Tableau repr\u00e9sentant un officier de chasseur \u00e0 cheval mont\u00e9 Le d\u00e9cor, la coiffure et l&rsquo;attitude g\u00e9n\u00e9rale nous sugg\u00e8rent la cavalerie d&rsquo;Afrique vers 1840\/50. A nettoyer.<\/p>\n","protected":false},"featured_media":7429,"template":"","meta":[],"product_brand":[],"product_cat":[26,145],"product_tag":[],"class_list":{"0":"post-7432","1":"product","2":"type-product","3":"status-publish","4":"has-post-thumbnail","6":"product_cat-librairie-documents-et-photos","7":"product_cat-nouveautes","9":"first","10":"instock","11":"purchasable","12":"product-type-simple"},"_links":{"self":[{"href":"https:\/\/france-empires.com\/index.php\/wp-json\/wp\/v2\/product\/7432","targetHints":{"allow":["GET"]}}],"collection":[{"href":"https:\/\/france-empires.com\/index.php\/wp-json\/wp\/v2\/product"}],"about":[{"href":"https:\/\/france-empires.com\/index.php\/wp-json\/wp\/v2\/types\/product"}],"wp:featuredmedia":[{"embeddable":true,"href":"https:\/\/france-empires.com\/index.php\/wp-json\/wp\/v2\/media\/7429"}],"wp:attachment":[{"href":"https:\/\/france-empires.com\/index.php\/wp-json\/wp\/v2\/media?parent=7432"}],"wp:term":[{"taxonomy":"product_brand","embeddable":true,"href":"https:\/\/france-empires.com\/index.php\/wp-json\/wp\/v2\/product_brand?post=7432"},{"taxonomy":"product_cat","embeddable":true,"href":"https:\/\/france-empires.com\/index.php\/wp-json\/wp\/v2\/product_cat?post=7432"},{"taxonomy":"product_tag","embeddable":true,"href":"https:\/\/france-empires.com\/index.php\/wp-json\/wp\/v2\/product_tag?post=7432"}],"curies":[{"name":"wp","href":"https:\/\/api.w.org\/{rel}","templated":true}]}}