{"id":7433,"date":"2026-04-07T22:02:50","date_gmt":"2026-04-07T20:02:50","guid":{"rendered":"https:\/\/france-empires.com\/?post_type=product&#038;p=7433"},"modified":"2026-04-07T22:02:51","modified_gmt":"2026-04-07T20:02:51","slug":"plaque-de-mitre-du-1er-ou-2e-bataillon-dinfanterie-de-la-garde-prussienne","status":"publish","type":"product","link":"https:\/\/france-empires.com\/index.php\/produit\/plaque-de-mitre-du-1er-ou-2e-bataillon-dinfanterie-de-la-garde-prussienne\/","title":{"rendered":"Plaque de mitre du 1er ou 2e Bataillon d&rsquo;Infanterie de la Garde Prussienne"},"content":{"rendered":"<p>Plaque en laiton mod\u00e8le 1896.<br \/>\nSp\u00e9cifique \u00e0 ces unit\u00e9s.<br \/>\nElle me parait plut\u00f4t de bonne facture mais il est tr\u00e8s difficile d&rsquo;\u00eatre cat\u00e9gorique.<br \/>\nElle est donc vendue sans garantie d&rsquo;origine.<\/p>\n","protected":false},"excerpt":{"rendered":"<p>Plaque en laiton mod\u00e8le 1896. Sp\u00e9cifique \u00e0 ces unit\u00e9s. Elle me parait plut\u00f4t de bonne facture mais il est tr\u00e8s difficile d&rsquo;\u00eatre cat\u00e9gorique. Elle est donc vendue sans garantie d&rsquo;origine.<\/p>\n","protected":false},"featured_media":7436,"template":"","meta":[],"product_brand":[],"product_cat":[46,145,24],"product_tag":[],"class_list":{"0":"post-7433","1":"product","2":"type-product","3":"status-publish","4":"has-post-thumbnail","6":"product_cat-accessoires-et-pieces-detachees-de-coiffures","7":"product_cat-nouveautes","8":"product_cat-uniformes-et-coiffures","10":"first","11":"instock","12":"purchasable","13":"product-type-simple"},"_links":{"self":[{"href":"https:\/\/france-empires.com\/index.php\/wp-json\/wp\/v2\/product\/7433","targetHints":{"allow":["GET"]}}],"collection":[{"href":"https:\/\/france-empires.com\/index.php\/wp-json\/wp\/v2\/product"}],"about":[{"href":"https:\/\/france-empires.com\/index.php\/wp-json\/wp\/v2\/types\/product"}],"wp:featuredmedia":[{"embeddable":true,"href":"https:\/\/france-empires.com\/index.php\/wp-json\/wp\/v2\/media\/7436"}],"wp:attachment":[{"href":"https:\/\/france-empires.com\/index.php\/wp-json\/wp\/v2\/media?parent=7433"}],"wp:term":[{"taxonomy":"product_brand","embeddable":true,"href":"https:\/\/france-empires.com\/index.php\/wp-json\/wp\/v2\/product_brand?post=7433"},{"taxonomy":"product_cat","embeddable":true,"href":"https:\/\/france-empires.com\/index.php\/wp-json\/wp\/v2\/product_cat?post=7433"},{"taxonomy":"product_tag","embeddable":true,"href":"https:\/\/france-empires.com\/index.php\/wp-json\/wp\/v2\/product_tag?post=7433"}],"curies":[{"name":"wp","href":"https:\/\/api.w.org\/{rel}","templated":true}]}}