{"id":7437,"date":"2026-04-07T22:18:03","date_gmt":"2026-04-07T20:18:03","guid":{"rendered":"https:\/\/france-empires.com\/?post_type=product&#038;p=7437"},"modified":"2026-04-07T22:30:06","modified_gmt":"2026-04-07T20:30:06","slug":"shako-modele-1845-troupe-de-lecole-speciale-militaire","status":"publish","type":"product","link":"https:\/\/france-empires.com\/index.php\/produit\/shako-modele-1845-troupe-de-lecole-speciale-militaire\/","title":{"rendered":"Shako mod\u00e8le 1845 troupe de l&rsquo;Ecole Sp\u00e9ciale Militaire"},"content":{"rendered":"<p>Tr\u00e8s rare shako troupe de l&rsquo;ESM \/ Saint Cyr, \u00e9poque Louis Philippe.<\/p>\n<p>Parfaitement r\u00e9glementaire;<br \/>\nF\u00fbt en cuir recouvert de drap bleu fonc\u00e9. A\u00e9rateurs laitons peints. Bourdalou en cuir verni noir. Calotte en fort cuir noirci dont le pourtour est galonn\u00e9 noir, cordonnets noirs. Plaque en laiton au coq surmontant un ovale avec l&rsquo;inscription ECOLE SPECIALE MILITAIRE. Cocarde tricolore. Bandeau de sudation en cuir, jugulaire int\u00e9rieure en cuir verni. Usure d\u2019usage, patine, quelques trous de mites.<\/p>\n","protected":false},"excerpt":{"rendered":"<p>Tr\u00e8s rare shako troupe de l&rsquo;ESM \/ Saint Cyr, \u00e9poque Louis Philippe. Parfaitement r\u00e9glementaire; F\u00fbt en cuir recouvert de drap bleu fonc\u00e9. A\u00e9rateurs laitons peints. Bourdalou en cuir verni noir. Calotte en fort cuir noirci dont le pourtour est galonn\u00e9 noir, cordonnets noirs. Plaque en laiton au coq surmontant un ovale&hellip;<\/p>\n","protected":false},"featured_media":7443,"template":"","meta":[],"product_brand":[],"product_cat":[45,145,24],"product_tag":[],"class_list":{"0":"post-7437","1":"product","2":"type-product","3":"status-publish","4":"has-post-thumbnail","6":"product_cat-coiffures-casques-kepis-shakos-etc","7":"product_cat-nouveautes","8":"product_cat-uniformes-et-coiffures","10":"first","11":"instock","12":"purchasable","13":"product-type-simple"},"_links":{"self":[{"href":"https:\/\/france-empires.com\/index.php\/wp-json\/wp\/v2\/product\/7437","targetHints":{"allow":["GET"]}}],"collection":[{"href":"https:\/\/france-empires.com\/index.php\/wp-json\/wp\/v2\/product"}],"about":[{"href":"https:\/\/france-empires.com\/index.php\/wp-json\/wp\/v2\/types\/product"}],"wp:featuredmedia":[{"embeddable":true,"href":"https:\/\/france-empires.com\/index.php\/wp-json\/wp\/v2\/media\/7443"}],"wp:attachment":[{"href":"https:\/\/france-empires.com\/index.php\/wp-json\/wp\/v2\/media?parent=7437"}],"wp:term":[{"taxonomy":"product_brand","embeddable":true,"href":"https:\/\/france-empires.com\/index.php\/wp-json\/wp\/v2\/product_brand?post=7437"},{"taxonomy":"product_cat","embeddable":true,"href":"https:\/\/france-empires.com\/index.php\/wp-json\/wp\/v2\/product_cat?post=7437"},{"taxonomy":"product_tag","embeddable":true,"href":"https:\/\/france-empires.com\/index.php\/wp-json\/wp\/v2\/product_tag?post=7437"}],"curies":[{"name":"wp","href":"https:\/\/api.w.org\/{rel}","templated":true}]}}