{"id":878,"date":"2023-01-27T15:19:30","date_gmt":"2023-01-27T14:19:30","guid":{"rendered":"https:\/\/france-empires.com\/?post_type=product&#038;p=878"},"modified":"2024-05-16T22:26:26","modified_gmt":"2024-05-16T20:26:26","slug":"casque-mkii-avec-filet-et-pansement","status":"publish","type":"product","link":"https:\/\/france-empires.com\/index.php\/produit\/casque-mkii-avec-filet-et-pansement\/","title":{"rendered":"Casque MKII avec filet et pansement"},"content":{"rendered":"<p>Casque MKII avec filet et pansement<br \/>\nLe tout est en TBE, la coiffe est dat\u00e9e 1939<\/p>\n<p>&nbsp;<\/p>\n<p>D\u00e9p\u00f4t de particulier.<\/p>\n","protected":false},"excerpt":{"rendered":"<p>Casque MKII avec filet et pansement Le tout est en TBE, la coiffe est dat\u00e9e 1939 &nbsp; D\u00e9p\u00f4t de particulier.<\/p>\n","protected":false},"featured_media":879,"template":"","meta":[],"product_brand":[],"product_cat":[45,24],"product_tag":[],"class_list":{"0":"post-878","1":"product","2":"type-product","3":"status-publish","4":"has-post-thumbnail","6":"product_cat-coiffures-casques-kepis-shakos-etc","7":"product_cat-uniformes-et-coiffures","8":"pa_statut-vendu","10":"first","11":"outofstock","12":"taxable","13":"shipping-taxable","14":"product-type-simple"},"_links":{"self":[{"href":"https:\/\/france-empires.com\/index.php\/wp-json\/wp\/v2\/product\/878","targetHints":{"allow":["GET"]}}],"collection":[{"href":"https:\/\/france-empires.com\/index.php\/wp-json\/wp\/v2\/product"}],"about":[{"href":"https:\/\/france-empires.com\/index.php\/wp-json\/wp\/v2\/types\/product"}],"wp:featuredmedia":[{"embeddable":true,"href":"https:\/\/france-empires.com\/index.php\/wp-json\/wp\/v2\/media\/879"}],"wp:attachment":[{"href":"https:\/\/france-empires.com\/index.php\/wp-json\/wp\/v2\/media?parent=878"}],"wp:term":[{"taxonomy":"product_brand","embeddable":true,"href":"https:\/\/france-empires.com\/index.php\/wp-json\/wp\/v2\/product_brand?post=878"},{"taxonomy":"product_cat","embeddable":true,"href":"https:\/\/france-empires.com\/index.php\/wp-json\/wp\/v2\/product_cat?post=878"},{"taxonomy":"product_tag","embeddable":true,"href":"https:\/\/france-empires.com\/index.php\/wp-json\/wp\/v2\/product_tag?post=878"}],"curies":[{"name":"wp","href":"https:\/\/api.w.org\/{rel}","templated":true}]}}