{"id":892,"date":"2023-01-27T15:30:23","date_gmt":"2023-01-27T14:30:23","guid":{"rendered":"https:\/\/france-empires.com\/?post_type=product&#038;p=892"},"modified":"2024-05-16T22:26:02","modified_gmt":"2024-05-16T20:26:02","slug":"medaille-veterans-1870","status":"publish","type":"product","link":"https:\/\/france-empires.com\/index.php\/produit\/medaille-veterans-1870\/","title":{"rendered":"M\u00e9daille v\u00e9t\u00e9rans 1870"},"content":{"rendered":"<p>M\u00e9daille TTB<br \/>\nV\u00e9t\u00e9rans 1870 \u00ab oublier jamais \u00bb<\/p>\n","protected":false},"excerpt":{"rendered":"<p>M\u00e9daille TTB V\u00e9t\u00e9rans 1870 \u00ab oublier jamais \u00bb<\/p>\n","protected":false},"featured_media":894,"template":"","meta":[],"product_brand":[],"product_cat":[23,42],"product_tag":[],"class_list":{"0":"post-892","1":"product","2":"type-product","3":"status-publish","4":"has-post-thumbnail","6":"product_cat-medailles-et-decorations","7":"product_cat-militaires","8":"pa_statut-vendu","10":"first","11":"outofstock","12":"taxable","13":"shipping-taxable","14":"product-type-simple"},"_links":{"self":[{"href":"https:\/\/france-empires.com\/index.php\/wp-json\/wp\/v2\/product\/892","targetHints":{"allow":["GET"]}}],"collection":[{"href":"https:\/\/france-empires.com\/index.php\/wp-json\/wp\/v2\/product"}],"about":[{"href":"https:\/\/france-empires.com\/index.php\/wp-json\/wp\/v2\/types\/product"}],"wp:featuredmedia":[{"embeddable":true,"href":"https:\/\/france-empires.com\/index.php\/wp-json\/wp\/v2\/media\/894"}],"wp:attachment":[{"href":"https:\/\/france-empires.com\/index.php\/wp-json\/wp\/v2\/media?parent=892"}],"wp:term":[{"taxonomy":"product_brand","embeddable":true,"href":"https:\/\/france-empires.com\/index.php\/wp-json\/wp\/v2\/product_brand?post=892"},{"taxonomy":"product_cat","embeddable":true,"href":"https:\/\/france-empires.com\/index.php\/wp-json\/wp\/v2\/product_cat?post=892"},{"taxonomy":"product_tag","embeddable":true,"href":"https:\/\/france-empires.com\/index.php\/wp-json\/wp\/v2\/product_tag?post=892"}],"curies":[{"name":"wp","href":"https:\/\/api.w.org\/{rel}","templated":true}]}}