{"id":896,"date":"2023-01-27T15:36:04","date_gmt":"2023-01-27T14:36:04","guid":{"rendered":"https:\/\/france-empires.com\/?post_type=product&#038;p=896"},"modified":"2024-06-07T15:49:40","modified_gmt":"2024-06-07T13:49:40","slug":"brodequins-allemands","status":"publish","type":"product","link":"https:\/\/france-empires.com\/index.php\/produit\/brodequins-allemands\/","title":{"rendered":"Brodequins allemands"},"content":{"rendered":"<p>Bonne paire de brodequins r\u00e9glementaires<br \/>\nCette paire de brodequins a subi des r\u00e9parations importantes (ajout de pi\u00e8ces de cuir \u00e0 l\u2019arri\u00e8re au niveau du talon, invisibles si le mannequin est de face) et le cuir est dur (un travail de restauration pour lui rendre sa souplesse \u00e0 \u00e9t\u00e9 d\u00e9but\u00e9)<br \/>\nBons marquages<br \/>\nUne paire tr\u00e8s jus mais difficile \u00e0 trouver et propos\u00e9e \u00e0 un prix en cons\u00e9quence<\/p>\n<p>&nbsp;<\/p>\n<p>D\u00e9p\u00f4t de particulier.<\/p>\n","protected":false},"excerpt":{"rendered":"<p>Bonne paire de brodequins r\u00e9glementaires Cette paire de brodequins a subi des r\u00e9parations importantes (ajout de pi\u00e8ces de cuir \u00e0 l\u2019arri\u00e8re au niveau du talon, invisibles si le mannequin est de face) et le cuir est dur (un travail de restauration pour lui rendre sa souplesse \u00e0 \u00e9t\u00e9 d\u00e9but\u00e9) Bons marquages&hellip;<\/p>\n","protected":false},"featured_media":900,"template":"","meta":[],"product_brand":[],"product_cat":[47,24],"product_tag":[],"class_list":{"0":"post-896","1":"product","2":"type-product","3":"status-publish","4":"has-post-thumbnail","6":"product_cat-uniformes-complets-et-elements-seuls","7":"product_cat-uniformes-et-coiffures","8":"pa_statut-vendu","10":"first","11":"outofstock","12":"taxable","13":"shipping-taxable","14":"product-type-simple"},"_links":{"self":[{"href":"https:\/\/france-empires.com\/index.php\/wp-json\/wp\/v2\/product\/896","targetHints":{"allow":["GET"]}}],"collection":[{"href":"https:\/\/france-empires.com\/index.php\/wp-json\/wp\/v2\/product"}],"about":[{"href":"https:\/\/france-empires.com\/index.php\/wp-json\/wp\/v2\/types\/product"}],"wp:featuredmedia":[{"embeddable":true,"href":"https:\/\/france-empires.com\/index.php\/wp-json\/wp\/v2\/media\/900"}],"wp:attachment":[{"href":"https:\/\/france-empires.com\/index.php\/wp-json\/wp\/v2\/media?parent=896"}],"wp:term":[{"taxonomy":"product_brand","embeddable":true,"href":"https:\/\/france-empires.com\/index.php\/wp-json\/wp\/v2\/product_brand?post=896"},{"taxonomy":"product_cat","embeddable":true,"href":"https:\/\/france-empires.com\/index.php\/wp-json\/wp\/v2\/product_cat?post=896"},{"taxonomy":"product_tag","embeddable":true,"href":"https:\/\/france-empires.com\/index.php\/wp-json\/wp\/v2\/product_tag?post=896"}],"curies":[{"name":"wp","href":"https:\/\/api.w.org\/{rel}","templated":true}]}}