{"id":920,"date":"2023-01-27T16:04:30","date_gmt":"2023-01-27T15:04:30","guid":{"rendered":"https:\/\/france-empires.com\/?post_type=product&#038;p=920"},"modified":"2023-11-12T23:17:24","modified_gmt":"2023-11-12T22:17:24","slug":"calot-km","status":"publish","type":"product","link":"https:\/\/france-empires.com\/index.php\/produit\/calot-km\/","title":{"rendered":"Calot Kriegsmarine"},"content":{"rendered":"<h4>Bon calot Kriegsmarine de fabrication fran\u00e7aise en parfait \u00e9tat.<\/h4>\n<p>Drap bleu, insignes tiss\u00e9s.<\/p>\n<p>Marquage de Chapellerie Parisienne (un des deux fabricants fran\u00e7ais pour l&rsquo;arm\u00e9e allemande). Taille 59.<\/p>\n<p>&nbsp;<\/p>\n<p>D\u00e9p\u00f4t de particulier.<\/p>\n","protected":false},"excerpt":{"rendered":"<p>Bon calot Kriegsmarine de fabrication fran\u00e7aise en parfait \u00e9tat. Drap bleu, insignes tiss\u00e9s. Marquage de Chapellerie Parisienne (un des deux fabricants fran\u00e7ais pour l&rsquo;arm\u00e9e allemande). Taille 59. &nbsp; D\u00e9p\u00f4t de particulier.<\/p>\n","protected":false},"featured_media":1277,"template":"elementor_theme","meta":[],"product_brand":[],"product_cat":[45,24],"product_tag":[],"class_list":{"0":"post-920","1":"product","2":"type-product","3":"status-publish","4":"has-post-thumbnail","6":"product_cat-coiffures-casques-kepis-shakos-etc","7":"product_cat-uniformes-et-coiffures","8":"pa_statut-disponible","10":"first","11":"outofstock","12":"product-type-simple"},"_links":{"self":[{"href":"https:\/\/france-empires.com\/index.php\/wp-json\/wp\/v2\/product\/920","targetHints":{"allow":["GET"]}}],"collection":[{"href":"https:\/\/france-empires.com\/index.php\/wp-json\/wp\/v2\/product"}],"about":[{"href":"https:\/\/france-empires.com\/index.php\/wp-json\/wp\/v2\/types\/product"}],"wp:featuredmedia":[{"embeddable":true,"href":"https:\/\/france-empires.com\/index.php\/wp-json\/wp\/v2\/media\/1277"}],"wp:attachment":[{"href":"https:\/\/france-empires.com\/index.php\/wp-json\/wp\/v2\/media?parent=920"}],"wp:term":[{"taxonomy":"product_brand","embeddable":true,"href":"https:\/\/france-empires.com\/index.php\/wp-json\/wp\/v2\/product_brand?post=920"},{"taxonomy":"product_cat","embeddable":true,"href":"https:\/\/france-empires.com\/index.php\/wp-json\/wp\/v2\/product_cat?post=920"},{"taxonomy":"product_tag","embeddable":true,"href":"https:\/\/france-empires.com\/index.php\/wp-json\/wp\/v2\/product_tag?post=920"}],"curies":[{"name":"wp","href":"https:\/\/api.w.org\/{rel}","templated":true}]}}