{"id":953,"date":"2023-01-27T18:39:10","date_gmt":"2023-01-27T17:39:10","guid":{"rendered":"https:\/\/france-empires.com\/?post_type=product&#038;p=953"},"modified":"2023-05-03T17:10:38","modified_gmt":"2023-05-03T15:10:38","slug":"masque-a-gaz","status":"publish","type":"product","link":"https:\/\/france-empires.com\/index.php\/produit\/masque-a-gaz\/","title":{"rendered":"WH Masque de Protection Mod\u00e8le 1938 et housse gazplane"},"content":{"rendered":"<p>Masque complet de ses sangles et \u00e9quip\u00e9 d\u2019une housse de gaz plane fix\u00e9e par une courroie<br \/>\nLe tout est en TBE et bien marqu\u00e9<\/p>\n<p>D\u00e9p\u00f4t de particulier<\/p>\n","protected":false},"excerpt":{"rendered":"<p>Masque complet de ses sangles et \u00e9quip\u00e9 d\u2019une housse de gaz plane fix\u00e9e par une courroie Le tout est en TBE et bien marqu\u00e9 D\u00e9p\u00f4t de particulier<\/p>\n","protected":false},"featured_media":956,"template":"","meta":[],"product_brand":[],"product_cat":[25,51],"product_tag":[],"class_list":{"0":"post-953","1":"product","2":"type-product","3":"status-publish","4":"has-post-thumbnail","6":"product_cat-equipements","7":"product_cat-equipements-du-soldat-pour-le-combat-ceinturons-cartouchieres-sac-a-dos-etc","8":"pa_statut-vendu","10":"first","11":"outofstock","12":"product-type-simple"},"_links":{"self":[{"href":"https:\/\/france-empires.com\/index.php\/wp-json\/wp\/v2\/product\/953","targetHints":{"allow":["GET"]}}],"collection":[{"href":"https:\/\/france-empires.com\/index.php\/wp-json\/wp\/v2\/product"}],"about":[{"href":"https:\/\/france-empires.com\/index.php\/wp-json\/wp\/v2\/types\/product"}],"wp:featuredmedia":[{"embeddable":true,"href":"https:\/\/france-empires.com\/index.php\/wp-json\/wp\/v2\/media\/956"}],"wp:attachment":[{"href":"https:\/\/france-empires.com\/index.php\/wp-json\/wp\/v2\/media?parent=953"}],"wp:term":[{"taxonomy":"product_brand","embeddable":true,"href":"https:\/\/france-empires.com\/index.php\/wp-json\/wp\/v2\/product_brand?post=953"},{"taxonomy":"product_cat","embeddable":true,"href":"https:\/\/france-empires.com\/index.php\/wp-json\/wp\/v2\/product_cat?post=953"},{"taxonomy":"product_tag","embeddable":true,"href":"https:\/\/france-empires.com\/index.php\/wp-json\/wp\/v2\/product_tag?post=953"}],"curies":[{"name":"wp","href":"https:\/\/api.w.org\/{rel}","templated":true}]}}