{"id":984,"date":"2023-01-27T18:53:56","date_gmt":"2023-01-27T17:53:56","guid":{"rendered":"https:\/\/france-empires.com\/?post_type=product&#038;p=984"},"modified":"2024-06-07T15:51:01","modified_gmt":"2024-06-07T13:51:01","slug":"casque-de-motard","status":"publish","type":"product","link":"https:\/\/france-empires.com\/index.php\/produit\/casque-de-motard\/","title":{"rendered":"Casque de motard"},"content":{"rendered":"<p>Casque en TBE (l\u00e9g\u00e8re bosse sur la bombe)<br \/>\nTr\u00e8s belle peinture granit\u00e9e et int\u00e9rieure en parfait \u00e9tat dat\u00e9 1944, taille 6 3\/4<\/p>\n<p>&nbsp;<\/p>\n<p>D\u00e9p\u00f4t de particulier.<\/p>\n","protected":false},"excerpt":{"rendered":"<p>Casque en TBE (l\u00e9g\u00e8re bosse sur la bombe) Tr\u00e8s belle peinture granit\u00e9e et int\u00e9rieure en parfait \u00e9tat dat\u00e9 1944, taille 6 3\/4 &nbsp; D\u00e9p\u00f4t de particulier.<\/p>\n","protected":false},"featured_media":989,"template":"","meta":[],"product_brand":[],"product_cat":[45,24],"product_tag":[],"class_list":{"0":"post-984","1":"product","2":"type-product","3":"status-publish","4":"has-post-thumbnail","6":"product_cat-coiffures-casques-kepis-shakos-etc","7":"product_cat-uniformes-et-coiffures","8":"pa_statut-vendu","10":"first","11":"outofstock","12":"taxable","13":"shipping-taxable","14":"product-type-simple"},"_links":{"self":[{"href":"https:\/\/france-empires.com\/index.php\/wp-json\/wp\/v2\/product\/984","targetHints":{"allow":["GET"]}}],"collection":[{"href":"https:\/\/france-empires.com\/index.php\/wp-json\/wp\/v2\/product"}],"about":[{"href":"https:\/\/france-empires.com\/index.php\/wp-json\/wp\/v2\/types\/product"}],"wp:featuredmedia":[{"embeddable":true,"href":"https:\/\/france-empires.com\/index.php\/wp-json\/wp\/v2\/media\/989"}],"wp:attachment":[{"href":"https:\/\/france-empires.com\/index.php\/wp-json\/wp\/v2\/media?parent=984"}],"wp:term":[{"taxonomy":"product_brand","embeddable":true,"href":"https:\/\/france-empires.com\/index.php\/wp-json\/wp\/v2\/product_brand?post=984"},{"taxonomy":"product_cat","embeddable":true,"href":"https:\/\/france-empires.com\/index.php\/wp-json\/wp\/v2\/product_cat?post=984"},{"taxonomy":"product_tag","embeddable":true,"href":"https:\/\/france-empires.com\/index.php\/wp-json\/wp\/v2\/product_tag?post=984"}],"curies":[{"name":"wp","href":"https:\/\/api.w.org\/{rel}","templated":true}]}}